{"id":6269,"date":"2023-11-20T19:12:09","date_gmt":"2023-11-20T18:12:09","guid":{"rendered":"https:\/\/lucacasavola.com\/?page_id=6269"},"modified":"2026-05-07T14:54:21","modified_gmt":"2026-05-07T12:54:21","slug":"home","status":"publish","type":"page","link":"https:\/\/lucacasavola.com\/en\/","title":{"rendered":"Home"},"content":{"rendered":"<h2  id=\"apropos\">\n\t\t\tDaVinci Resolve Colorist Dolby Vision Certified working remotely\t<\/h2>\n\t\u00c9talonneur senior, je travaille sur DaVinci Resolve depuis 2013 sur des documentaires, des fictions, des clips vid\u00e9o, des films promotionnels.<br \/>\nHDR certified <a href=\"https:\/\/www.dolby.com\/fr\/technologies\/dolby-vision\/\" target=\"_blank\" rel=\"noreferrer noopener\">Dolby Vision<\/a>, je propose mes services dans une salle d&rsquo;\u00e9talonnage DaVinci Resolve dans le 19\u00e8me arrondissement de Paris ou \u00e0 distance.<br \/>\nColor Grading in SDR or HDR (Dolby Vision, HDR10+, et HLG).<br \/>\nExports Masters HDR, DCP, DNX, Prores, H264, H265\n<h2  id=\"portfolio\">\n\t\t\tPortfolio\t<\/h2>\n<h2  id=\"equipement\">\n\t\t\tEquipment\t<\/h2>\n<header>\nStation d&rsquo;\u00e9talonnage Davinci Resolve HD, UHD, 2K, 4K, 8K, RAW<br \/>\nMonitor Eizo ColorEdge CG2700S hardware calibrated with LightSpace &amp; X-Rite<br \/>\n-12 cores workstation, CPU 5900x, GPU 7900XTX 24Go, 64 Go RAM, BM Decklink<br \/>\n-Davinci Resolve Studio and plug-in denoise Neat video<br \/>\nPupitre d&rsquo;\u00e9talonnage Davinci Micro Panel\n<\/header>","protected":false},"excerpt":{"rendered":"<p>\u00c9talonneur DaVinci Resolve freelance \u00e0 Paris certifi\u00e9 HDR Dolby Vision \u00c9talonneur senior, je travaille sur DaVinci Resolve depuis 2013 sur des documentaires, des fictions, des clips vid\u00e9o, des films promotionnels. Certifi\u00e9 HDR Dolby Vision, je propose mes services dans une salle d&rsquo;\u00e9talonnage DaVinci Resolve dans le 19\u00e8me arrondissement de Paris [&hellip;]<\/p>\n","protected":false},"author":1,"featured_media":0,"parent":0,"menu_order":0,"comment_status":"closed","ping_status":"closed","template":"page-templates\/homepage-builder-bb.php","meta":{"footnotes":""},"class_list":["post-6269","page","type-page","status-publish","hentry"],"amp_enabled":false,"_links":{"self":[{"href":"https:\/\/lucacasavola.com\/en\/wp-json\/wp\/v2\/pages\/6269","targetHints":{"allow":["GET"]}}],"collection":[{"href":"https:\/\/lucacasavola.com\/en\/wp-json\/wp\/v2\/pages"}],"about":[{"href":"https:\/\/lucacasavola.com\/en\/wp-json\/wp\/v2\/types\/page"}],"author":[{"embeddable":true,"href":"https:\/\/lucacasavola.com\/en\/wp-json\/wp\/v2\/users\/1"}],"replies":[{"embeddable":true,"href":"https:\/\/lucacasavola.com\/en\/wp-json\/wp\/v2\/comments?post=6269"}],"version-history":[{"count":47,"href":"https:\/\/lucacasavola.com\/en\/wp-json\/wp\/v2\/pages\/6269\/revisions"}],"predecessor-version":[{"id":6533,"href":"https:\/\/lucacasavola.com\/en\/wp-json\/wp\/v2\/pages\/6269\/revisions\/6533"}],"wp:attachment":[{"href":"https:\/\/lucacasavola.com\/en\/wp-json\/wp\/v2\/media?parent=6269"}],"curies":[{"name":"wp","href":"https:\/\/api.w.org\/{rel}","templated":true}]}}